{"id":174,"date":"2022-12-02T17:36:26","date_gmt":"2022-12-02T16:36:26","guid":{"rendered":"https:\/\/www.valdisuga.com\/?page_id=174"},"modified":"2023-11-17T12:25:18","modified_gmt":"2023-11-17T11:25:18","slug":"cookie-policy","status":"publish","type":"page","link":"https:\/\/www.valdisuga.com\/it\/cookie-policy\/","title":{"rendered":"Cookie Policy"},"content":{"rendered":"\n<p><strong>www.valdisuga.com<\/strong><br>Ultimo aggiornamento 12 Luglio 2022<\/p>\n\n\n\n<p>La seguente informativa, relativa all&#8217;uso di cookie sul sito <a href=\"https:\/\/www.valdisuga.com\/it\/\">www.valdisuga.com<\/a> (di seguito indicato come il \u201cSito\u201d) \u00e8 resa all&#8217;utente\/visitatore (\u201cLei\u201d) nel rispetto della normativa europea e italiana in materia di trattamento di dati personali e comunicazioni elettroniche.<\/p>\n\n\n\n<p>Il Sito \u00e8 di titolarit\u00e0 di Angelini Wines &amp; Estates Societ\u00e0 Agricola a R.L. con sede legale in Via Roma n. 117, 60031 Castelplanio (AN), Italia, (di seguito \u201cAngelini\u201d o \u201cTitolare\u201d), che Lei pu\u00f2 contattare per qualunque informazione o richiesta in merito all&#8217;utilizzo di cookie nel presente sito.<\/p>\n\n\n\n<p>Il Titolare ha designato un Responsabile della protezione dei dati (Data Protection Officer &#8211; DPO), che pu\u00f2 essere direttamente contattato ai seguenti recapiti: Data Protection Officer &#8211; DPO c\/o Angelini Wines &amp; Estates con sede legale in Via Roma n. 117, 60031 Castelplanio (AN), Italia, email: <a href=\"mailto:dpo@angeliniwinestates.com\">dpo@angeliniwinestates.com<\/a>.<\/p>\n\n\n\n<p>Per le ulteriori informazioni sul trattamento dei dati personali si veda l\u2019apposita <a href=\"https:\/\/www.valdisuga.com\/it\/privacy-policy\/\">Informativa privacy<\/a> del Sito.<\/p>\n\n\n\n<h3 class=\"wp-block-heading\"><strong>1. Che cosa sono i cookie?<\/strong><\/h3>\n\n\n\n<p>I cookie sono piccoli file di testo che i siti visitati dall\u2019utente inviano e registrano sul suo computer o dispositivo mobile, per essere poi ritrasmessi agli stessi siti alla successiva visita. Proprio grazie ai cookie il sito ricorda le azioni e preferenze dell\u2019utente (come, ad esempio, i dati di login, la lingua prescelta, le dimensioni dei caratteri, altre impostazioni di visualizzazione, ecc.) in modo che non debbano essere indicate nuovamente quando l\u2019utente torni a visitare detto sito o navighi da una pagina all\u2019altra di esso. I cookie, quindi, sono usati per eseguire autenticazioni informatiche, monitoraggio di sessioni e memorizzazione di informazioni riguardanti le attivit\u00e0 degli utenti che accedono ad un sito e possono contenere anche un codice identificativo unico che consente di tenere traccia della navigazione dell&#8217;utente all\u2019interno del sito stesso per finalit\u00e0 statistiche o pubblicitarie. Nel corso della navigazione su un sito, l\u2019utente pu\u00f2 ricevere sul suo computer o dispositivo mobile anche cookie di siti o di web server diversi da quello che sta visitando (\u201ccookie di terze parti\u201d). Alcune operazioni non potrebbero essere compiute senza l\u2019uso dei cookie, che in certi casi sono quindi tecnicamente necessari per lo stesso funzionamento del sito.<\/p>\n\n\n\n<p>Esistono vari tipi di cookie, a seconda delle loro caratteristiche e funzioni, e questi possono rimanere nel computer o dispositivo mobile dell\u2019utente per periodi di tempo diversi: cookie di sessione, che viene automaticamente cancellato alla chiusura del browser; cookie persistenti, che permangono sull\u2019apparecchiatura dell\u2019utente fino ad una scadenza prestabilita.<\/p>\n\n\n\n<p>In base alla normativa vigente, per l\u2019utilizzo dei cookie non sempre \u00e8 richiesto un espresso consenso dell\u2019utente. In particolare, non richiedono tale consenso i \u201ccookie tecnici\u201d, cio\u00e8 quelli utilizzati al solo fine di effettuare la trasmissione di una comunicazione su una rete di comunicazione elettronica, o nella misura strettamente necessaria per erogare un servizio esplicitamente richiesto dall\u2019utente. Si tratta, in altre parole, di cookie indispensabili per il funzionamento del sito o necessari per eseguire attivit\u00e0 richieste dall\u2019utente.<\/p>\n\n\n\n<p>Per i \u201ccookie di profilazione\u201d, invece, cio\u00e8 quelli volti a creare profili relativi all\u2019utente e utilizzati al fine di inviare messaggi pubblicitari in linea con le preferenze manifestate dallo stesso nell&#8217;ambito della navigazione in rete, \u00e8 richiesto un preventivo consenso dell\u2019utente.<\/p>\n\n\n\n<h3 class=\"wp-block-heading\"><strong>2. Quali cookie sono utilizzati nel Sito<\/strong><\/h3>\n\n\n\n<p>Il Sito utilizza cookie per il funzionamento del Sito e per l\u2019erogazione dei servizi in esso presenti, per comprendere e migliorare l\u2019esperienza di navigazione dell\u2019utente.<\/p>\n\n\n\n<p>In particolare, il Sito utilizza:<\/p>\n\n\n\n<ul class=\"wp-block-list\">\n<li><em>cookie tecnici<\/em>, cio\u00e8 di navigazione o sessione, strettamente necessari per il funzionamento del Sito o per consentirLe di usufruire dei contenuti e dei servizi da Lei richiesti (condizione di liceit\u00e0: esecuzione di un contratto o di misure precontrattuali, cio\u00e8 la navigazione del Sito e la fruizione dei relativi contenuti e servizi);<\/li>\n<\/ul>\n\n\n\n<p>Nel dettaglio, i cookie presenti nel Sito sono i seguenti:<\/p>\n\n\n\n<p><div class=\"cookie-report-container\"><script type=\"text\/javascript\" charset=\"UTF-8\" data-cookiescriptreport=\"report\" data-cs-lang=\"it\" src=\"\/\/report.cookie-script.com\/r\/d23f0b8302b75f81bb186aa455cf7bf7.js\"><\/script><\/div><\/p>\n\n\n\n<p>La codifica semantica dei cookie (\u201cNome del cookie\u201d) \u00e8 quella adottata dai fornitori dei cookie (\u201cFonte e appartenenza del cookie\u201d). La categoria di appartenenza dei cookie \u00e8 indicata nella colonna \u201cTipo di cookie\u201d.<\/p>\n\n\n\n<h3 class=\"wp-block-heading\"><strong>3. Categorie di destinatari dei dati personali<\/strong><\/h3>\n\n\n\n<p>Per le finalit\u00e0 sopra indicate (nella tabella di cui al paragrafo 2), i Suoi dati personali potranno essere comunicati:<\/p>\n\n\n\n<ul class=\"wp-block-list\">\n<li>alle persone autorizzate dal Titolare a svolgere operazioni di trattamento dei dati personali (lavoratori o collaboratori del Titolare);<\/li>\n\n\n\n<li>ai Responsabili del trattamento nominati dal Titolare (fornitori di servizi informatici, tecnologici e telematici);<\/li>\n\n\n\n<li>ad altri autonomi titolari del trattamento (riportati nella tabella di cui al paragrafo 2).<\/li>\n<\/ul>\n\n\n\n<p>I Suoi dati potranno, inoltre, essere trasmessi in conformit\u00e0 alla legge alle autorit\u00e0 fiscali, alle forze di polizia e alle autorit\u00e0 giudiziaria e amministrativa, per l\u2019accertamento e il perseguimento di reati, la prevenzione e la salvaguardia dalle minacce alla pubblica sicurezza, per consentire al Titolare di accertare, esercitare o difendere un diritto in sede giudiziaria, nonch\u00e9 per altre ragioni connesse alla tutela dei diritti e delle libert\u00e0 altrui.<\/p>\n\n\n\n<h3 class=\"wp-block-heading\"><strong>4. Come abilitare o disabilitare i cookie<\/strong><\/h3>\n\n\n\n<p><em>Browser<\/em><\/p>\n\n\n\n<p>Puoi autorizzare, bloccare o cancellare (in tutto o in parte) i cookie attraverso le specifiche funzioni del tuo programma di navigazione (browser): nell\u2019ipotesi in cui i cookie tecnici vengano disabilitati \u00e8 possibile che il Sito risulti non consultabile o che alcuni servizi o determinate funzioni del Sito non siano disponibili o non funzionino correttamente e\/o potresti essere costretto a modificare o a inserire manualmente alcune informazioni o preferenze ogni volta che visiterai il Sito (l\u2019installazione dei cookie tecnici \u00e8 un requisito necessario per il corretto funzionamento del Sito).<\/p>\n\n\n\n<p>Per conoscere i dettagli su come impostare le preferenze sull\u2019uso dei cookie attraverso il tuo browser di navigazione, puoi consultare le relative istruzioni.<\/p>\n\n\n\n<p>Di seguito i link alle istruzioni sui cookie dei principali browser:<\/p>\n\n\n\n<ul class=\"wp-block-list\">\n<li><a href=\"https:\/\/support.microsoft.com\/it-it\/help\/17442\/windows-internet-explorer-delete-manage-cookies\" target=\"_blank\" rel=\"noreferrer noopener\">Internet Explorer<\/a><\/li>\n\n\n\n<li><a href=\"https:\/\/support.mozilla.org\/it\/kb\/Bloccare%20i%20cookie\" target=\"_blank\" rel=\"noreferrer noopener\">Firefox<\/a><\/li>\n\n\n\n<li><a href=\"https:\/\/support.google.com\/chrome\/answer\/95647?hl=it&amp;topic=14666&amp;ctx=topic\" target=\"_blank\" rel=\"noreferrer noopener\">Chrome<\/a><\/li>\n\n\n\n<li><a href=\"https:\/\/www.opera.com\/help\/tutorials\/security\/cookies\/\" target=\"_blank\" rel=\"noreferrer noopener\">Opera<\/a><\/li>\n\n\n\n<li><a href=\"https:\/\/support.apple.com\/it-it\/guide\/safari\/sfri11471\/mac\" target=\"_blank\" rel=\"noreferrer noopener\">Safari<\/a><\/li>\n\n\n\n<li><a href=\"https:\/\/support.apple.com\/it-it\/HT201265\" target=\"_blank\" rel=\"noreferrer noopener\">Safari su iPhone, iPad, o iPod touch<\/a><\/li>\n<\/ul>\n\n\n\n<h3 class=\"wp-block-heading\"><strong>5. Trasferimento extra UE\/SEE dei dati personali<\/strong><\/h3>\n\n\n\n<p>I Suoi dati personali non saranno trasferiti in paesi non appartenenti all\u2019Unione Europea (UE) o allo Spazio Economico Europeo (SEE) che non offrono un livello adeguato di protezione dei dati, come stabilito da apposite decisioni della Commissione Europea (<a href=\"https:\/\/ec.europa.eu\/info\/law\/law-topic\/data-protection\/international-dimension-data-protection\/adequacy-decisions_en\" target=\"_blank\" rel=\"noreferrer noopener\">https:\/\/ec.europa.eu\/info\/law\/law-topic\/data-protection\/international-dimension-data-protection\/adequacy-decisions_en<\/a>).<\/p>\n\n\n\n<h3 class=\"wp-block-heading\"><strong>6. Diritti dell\u2019interessato<\/strong><\/h3>\n\n\n\n<p>In qualit\u00e0 di interessato, Lei ha il diritto di:<\/p>\n\n\n\n<ul class=\"wp-block-list\">\n<li>avere conferma che sia o meno in corso un trattamento di dati personali che La riguardano e, in tal caso, di ottenere l\u2019accesso ai dati e alle relative informazioni (diritto di accesso);<\/li>\n\n\n\n<li>rettifica dei Suoi dati personali, cio\u00e8 di ottenere la correzione, la modifica o l\u2019aggiornamento degli eventuali dati inaccurati o non pi\u00f9 corretti, nonch\u00e9 di ottenere l\u2019integrazione dei dati personali incompleti, anche fornendo una dichiarazione integrativa (diritto di rettifica);<\/li>\n\n\n\n<li>chiedere la cancellazione dei Suoi dati personali (diritto all\u2019oblio);<\/li>\n\n\n\n<li>ottenere la limitazione del trattamento dei Suoi dati personali, cio\u00e8 che il Titolare conservi tali dati senza per\u00f2 poterli utilizzare (diritto alla limitazione);<\/li>\n\n\n\n<li>ottenere dal Titolare i Suoi dati personali in un formato standard, nonch\u00e9 che siano trasferiti, laddove tecnicamente possibile, direttamente ad un soggetto terzo da Lei indicato (diritto alla portabilit\u00e0);<\/li>\n\n\n\n<li>revocare in qualsiasi momento il Suo consenso, qualora precedentemente prestato per il trattamento dei Suoi dati personali, senza pregiudicare la liceit\u00e0 del trattamento basata sul consenso prestato prima della revoca (revoca del consenso).<\/li>\n<\/ul>\n\n\n\n<p>Inoltre, Lei in qualit\u00e0 di interessato gode anche del diritto di opposizione, cio\u00e8 di:<\/p>\n\n\n\n<ul class=\"wp-block-list\">\n<li>opporsi in qualsiasi momento, per motivi connessi alla Sua situazione particolare, al trattamento dei Suoi dati personali, in particolare, per finalit\u00e0 di marketing compresa la profilazione.<\/li>\n<\/ul>\n\n\n\n<p>Per esercitare tali diritti pu\u00f2 rivolgersi in qualsiasi momento al Titolare, scrivendo ad Angelini Wines &amp; Estates Societ\u00e0 Agricola a R.L. con sede legale in Via Roma n. 117, 60031 Castelplanio (AN), Italia oppure all\u2019indirizzo email: <a href=\"mailto:dpo@angeliniwinestates.com\">dpo@angeliniwinestates.com<\/a> o scrivendo al Data Protection Officer (DPO) c\/o Angelini Wines &amp; Estates con sede legale in Via Roma n. 117, 60031 Castelplanio (AN), Italia.<\/p>\n\n\n\n<h3 class=\"wp-block-heading\"><strong>7. Reclamo<\/strong><\/h3>\n\n\n\n<p>Se ritiene che l\u2019utilizzo da parte nostra dei cookie e degli altri strumenti di tracciamento sia stato svolto illegittimamente, Lei ha diritto di proporre un reclamo all\u2019autorit\u00e0 di controllo (in Italia, il Garante per la protezione dei dati personali, per maggiori informazioni <a href=\"https:\/\/www.garanteprivacy.it\/\" target=\"_blank\" rel=\"noreferrer noopener\">www.garanteprivacy.it<\/a>).<\/p>\n\n\n\n<p>Il reclamo pu\u00f2 essere presentato anche a un\u2019autorit\u00e0 di controllo diversa da quella italiana, nel caso in cui tale autorit\u00e0 di controllo sia quella dello Stato dell\u2019Unione Europea (UE) in cui Lei abitualmente risiede o lavora oppure quella del luogo in cui si \u00e8 verificata la presunta violazione.<\/p>\n\n\n\n<h3 class=\"wp-block-heading\"><strong>8. Ulteriori informazioni<\/strong><\/h3>\n\n\n\n<p>Maggiori informazioni e dettagli sui vari tipi di cookie, le loro modalit\u00e0 di funzionamento e caratteristiche sono reperibili sul sito, indipendente da Angelini e ad accesso libero, <a href=\"https:\/\/www.allaboutcookies.org\/\" target=\"_blank\" rel=\"noreferrer noopener\">www.AllAboutCookies.org.<\/a><\/p>\n\n\n\n<p>Per le informazioni sul trattamento dei dati personali da parte di Angelini attraverso il Sito si veda l\u2019apposita <a href=\"https:\/\/valdisuga.it\/it\/privacy-policy\">Informativa <\/a><a href=\"https:\/\/www.valdisuga.com\/it\/privacy-policy\/\">privacy<\/a>.<\/p>\n\n\n\n<h3 class=\"wp-block-heading\"><strong>9. Modifiche alla presente informativa<\/strong><\/h3>\n\n\n\n<p>La costante evoluzione delle nostre attivit\u00e0 potrebbe comportare modifiche in merito a quanto sopra descritto. Di conseguenza questa Cookie policy potr\u00e0 subire modifiche e integrazioni nel corso del tempo, le quali potrebbero anche essere necessarie in riferimento a nuovi interventi normativi in materia di protezione dei dati personali e di comunicazioni elettroniche.<\/p>\n\n\n\n<p>La versione aggiornata della presente Cookie policy sar\u00e0 pubblicata su questa pagina con l\u2019indicazione della data del suo ultimo aggiornamento. La invitiamo, pertanto, a consultare tale pagina al momento del Suo accesso al Sito.<\/p>\n","protected":false},"excerpt":{"rendered":"<p>www.valdisuga.comUltimo aggiornamento 12 Luglio 2022 La seguente informativa, relativa all&#8217;uso di cookie sul sito www.valdisuga.com (di seguito indicato come il [&hellip;]<\/p>\n","protected":false},"author":1,"featured_media":0,"parent":0,"menu_order":0,"comment_status":"closed","ping_status":"closed","template":"tpl.page-service.php","meta":{"_acf_changed":false,"inline_featured_image":false,"footnotes":""},"class_list":["post-174","page","type-page","status-publish","hentry"],"acf":[],"yoast_head":"<!-- This site is optimized with the Yoast SEO plugin v27.5 - https:\/\/yoast.com\/product\/yoast-seo-wordpress\/ -->\n<title>Cookie Policy - Val di Suga<\/title>\n<meta name=\"robots\" content=\"noindex, nofollow\" \/>\n<meta property=\"og:locale\" content=\"it_IT\" \/>\n<meta property=\"og:type\" content=\"article\" \/>\n<meta property=\"og:title\" content=\"Cookie Policy - Val di Suga\" \/>\n<meta property=\"og:description\" content=\"www.valdisuga.comUltimo aggiornamento 12 Luglio 2022 La seguente informativa, relativa all&#8217;uso di cookie sul sito www.valdisuga.com (di seguito indicato come il [&hellip;]\" \/>\n<meta property=\"og:url\" content=\"https:\/\/www.valdisuga.com\/it\/cookie-policy\/\" \/>\n<meta property=\"og:site_name\" content=\"Val di Suga\" \/>\n<meta property=\"article:publisher\" content=\"https:\/\/www.facebook.com\/valdisugawines\/\" \/>\n<meta property=\"article:modified_time\" content=\"2023-11-17T11:25:18+00:00\" \/>\n<meta property=\"og:image\" content=\"https:\/\/storage1328.cdn-immedia.net\/wp-content\/themes\/valdisuga.it\/assets\/img\/share\/og\/og-default.png?itok=0.1.1\" \/>\n<meta name=\"twitter:card\" content=\"summary_large_image\" \/>\n<meta name=\"twitter:image\" content=\"https:\/\/storage1328.cdn-immedia.net\/wp-content\/themes\/valdisuga.it\/assets\/img\/share\/og\/og-default.png?itok=0.1.1\" \/>\n<meta name=\"twitter:label1\" content=\"Tempo di lettura stimato\" \/>\n\t<meta name=\"twitter:data1\" content=\"8 minuti\" \/>\n<script type=\"application\/ld+json\" class=\"yoast-schema-graph\">{\"@context\":\"https:\\\/\\\/schema.org\",\"@graph\":[{\"@type\":\"WebPage\",\"@id\":\"https:\\\/\\\/www.valdisuga.com\\\/it\\\/cookie-policy\\\/\",\"url\":\"https:\\\/\\\/www.valdisuga.com\\\/it\\\/cookie-policy\\\/\",\"name\":\"Cookie Policy - Val di Suga\",\"isPartOf\":{\"@id\":\"https:\\\/\\\/www.valdisuga.com\\\/it\\\/#website\"},\"datePublished\":\"2022-12-02T16:36:26+00:00\",\"dateModified\":\"2023-11-17T11:25:18+00:00\",\"breadcrumb\":{\"@id\":\"https:\\\/\\\/www.valdisuga.com\\\/it\\\/cookie-policy\\\/#breadcrumb\"},\"inLanguage\":\"it-IT\",\"potentialAction\":[{\"@type\":\"ReadAction\",\"target\":[\"https:\\\/\\\/www.valdisuga.com\\\/it\\\/cookie-policy\\\/\"]}]},{\"@type\":\"BreadcrumbList\",\"@id\":\"https:\\\/\\\/www.valdisuga.com\\\/it\\\/cookie-policy\\\/#breadcrumb\",\"itemListElement\":[{\"@type\":\"ListItem\",\"position\":1,\"name\":\"Home\",\"item\":\"https:\\\/\\\/www.valdisuga.com\\\/it\\\/\"},{\"@type\":\"ListItem\",\"position\":2,\"name\":\"Cookie Policy\"}]},{\"@type\":\"WebSite\",\"@id\":\"https:\\\/\\\/www.valdisuga.com\\\/it\\\/#website\",\"url\":\"https:\\\/\\\/www.valdisuga.com\\\/it\\\/\",\"name\":\"Val di Suga\",\"description\":\"\",\"potentialAction\":[{\"@type\":\"SearchAction\",\"target\":{\"@type\":\"EntryPoint\",\"urlTemplate\":\"https:\\\/\\\/www.valdisuga.com\\\/it\\\/?s={search_term_string}\"},\"query-input\":{\"@type\":\"PropertyValueSpecification\",\"valueRequired\":true,\"valueName\":\"search_term_string\"}}],\"inLanguage\":\"it-IT\"}]}<\/script>\n<!-- \/ Yoast SEO plugin. -->","yoast_head_json":{"title":"Cookie Policy - Val di Suga","robots":{"index":"noindex","follow":"nofollow"},"og_locale":"it_IT","og_type":"article","og_title":"Cookie Policy - Val di Suga","og_description":"www.valdisuga.comUltimo aggiornamento 12 Luglio 2022 La seguente informativa, relativa all&#8217;uso di cookie sul sito www.valdisuga.com (di seguito indicato come il [&hellip;]","og_url":"https:\/\/www.valdisuga.com\/it\/cookie-policy\/","og_site_name":"Val di Suga","article_publisher":"https:\/\/www.facebook.com\/valdisugawines\/","article_modified_time":"2023-11-17T11:25:18+00:00","og_image":[{"url":"https:\/\/storage1328.cdn-immedia.net\/wp-content\/themes\/valdisuga.it\/assets\/img\/share\/og\/og-default.png?itok=0.1.1","type":"","width":"","height":""}],"twitter_card":"summary_large_image","twitter_image":"https:\/\/storage1328.cdn-immedia.net\/wp-content\/themes\/valdisuga.it\/assets\/img\/share\/og\/og-default.png?itok=0.1.1","twitter_misc":{"Tempo di lettura stimato":"8 minuti"},"schema":{"@context":"https:\/\/schema.org","@graph":[{"@type":"WebPage","@id":"https:\/\/www.valdisuga.com\/it\/cookie-policy\/","url":"https:\/\/www.valdisuga.com\/it\/cookie-policy\/","name":"Cookie Policy - Val di Suga","isPartOf":{"@id":"https:\/\/www.valdisuga.com\/it\/#website"},"datePublished":"2022-12-02T16:36:26+00:00","dateModified":"2023-11-17T11:25:18+00:00","breadcrumb":{"@id":"https:\/\/www.valdisuga.com\/it\/cookie-policy\/#breadcrumb"},"inLanguage":"it-IT","potentialAction":[{"@type":"ReadAction","target":["https:\/\/www.valdisuga.com\/it\/cookie-policy\/"]}]},{"@type":"BreadcrumbList","@id":"https:\/\/www.valdisuga.com\/it\/cookie-policy\/#breadcrumb","itemListElement":[{"@type":"ListItem","position":1,"name":"Home","item":"https:\/\/www.valdisuga.com\/it\/"},{"@type":"ListItem","position":2,"name":"Cookie Policy"}]},{"@type":"WebSite","@id":"https:\/\/www.valdisuga.com\/it\/#website","url":"https:\/\/www.valdisuga.com\/it\/","name":"Val di Suga","description":"","potentialAction":[{"@type":"SearchAction","target":{"@type":"EntryPoint","urlTemplate":"https:\/\/www.valdisuga.com\/it\/?s={search_term_string}"},"query-input":{"@type":"PropertyValueSpecification","valueRequired":true,"valueName":"search_term_string"}}],"inLanguage":"it-IT"}]}},"_links":{"self":[{"href":"https:\/\/www.valdisuga.com\/it\/wp-json\/wp\/v2\/pages\/174","targetHints":{"allow":["GET"]}}],"collection":[{"href":"https:\/\/www.valdisuga.com\/it\/wp-json\/wp\/v2\/pages"}],"about":[{"href":"https:\/\/www.valdisuga.com\/it\/wp-json\/wp\/v2\/types\/page"}],"author":[{"embeddable":true,"href":"https:\/\/www.valdisuga.com\/it\/wp-json\/wp\/v2\/users\/1"}],"replies":[{"embeddable":true,"href":"https:\/\/www.valdisuga.com\/it\/wp-json\/wp\/v2\/comments?post=174"}],"version-history":[{"count":0,"href":"https:\/\/www.valdisuga.com\/it\/wp-json\/wp\/v2\/pages\/174\/revisions"}],"wp:attachment":[{"href":"https:\/\/www.valdisuga.com\/it\/wp-json\/wp\/v2\/media?parent=174"}],"curies":[{"name":"wp","href":"https:\/\/api.w.org\/{rel}","templated":true}]}}